{"id":373,"date":"2021-05-23T19:23:51","date_gmt":"2021-05-23T19:23:51","guid":{"rendered":"https:\/\/visitax.us\/?page_id=373"},"modified":"2024-04-01T07:01:51","modified_gmt":"2024-04-01T07:01:51","slug":"thank-you","status":"publish","type":"page","link":"https:\/\/visitax.us\/fr\/thank-you\/","title":{"rendered":"Thank you"},"content":{"rendered":"\r\n<div class=\"wp-block-group has-background\" style=\"background-color: #f5f5f5;\">\r\n<div class=\"wp-block-group__inner-container is-layout-flow wp-block-group-is-layout-flow\">\r\n<h2 class=\"has-text-align-center wp-block-heading\"><strong>MERCI D&rsquo;AVOIR CHOISI VISITAX.US <\/strong><\/h2>\r\n\r\n\r\n\r\n<p class=\"has-text-align-center\" style=\"font-size: 18px;\">Nous accusons bonne r\u00e9ception de votre paiement.<\/p>\r\n\r\n\r\n\r\n<p class=\"has-text-align-center\" style=\"font-size: 18px;\">Dans une heure, vous recevrez la Confirmation du paiement de la taxe touristique de Quintana Roo avec un QR Code envoy\u00e9s sur l\u2019adresse \u00e9lectronique fournie par vous.<\/p>\r\n\r\n\r\n\r\n<p class=\"has-text-align-center\" style=\"font-size: 18px;\">Nous vous contacterons par courriel si de renseignement suppl\u00e9mentaire ou bien une v\u00e9rification des informations fournies sont n\u00e9cessaires.<\/p>\r\n\r\n\r\n\r\n<p class=\"has-text-align-center\" style=\"font-size: 18px;\"><strong>Nous vous conseillons, aussit\u00f4t que vous recevrez la Confirmation du paiement et le QR Code, de les imprimer et les garder pendant le temps de votre voyage \u00e0 l\u2019\u00e9tat de Quintana Roo. <\/strong><\/p>\r\n\r\n\r\n\r\n<p class=\"has-text-align-center\" style=\"font-size: 18px;\">Nous vous souhaitons un bon voyage !<\/p>\r\n<\/div>\r\n<\/div>\r\n","protected":false},"excerpt":{"rendered":"<p>MERCI D&rsquo;AVOIR CHOISI VISITAX.US Nous accusons bonne r\u00e9ception de votre paiement. Dans une heure, vous recevrez la Confirmation du paiement de la taxe touristique de Quintana Roo avec un QR Code envoy\u00e9s sur l\u2019adresse \u00e9lectronique fournie par vous. Nous vous contacterons par courriel si de renseignement suppl\u00e9mentaire ou bien une v\u00e9rification des informations fournies sont&#8230;<\/p>\n","protected":false},"author":1,"featured_media":0,"parent":0,"menu_order":0,"comment_status":"closed","ping_status":"closed","template":"","meta":{"_kad_blocks_custom_css":"","_kad_blocks_head_custom_js":"","_kad_blocks_body_custom_js":"","_kad_blocks_footer_custom_js":"","_kad_post_transparent":"default","_kad_post_title":"default","_kad_post_layout":"default","_kad_post_sidebar_id":"","_kad_post_content_style":"default","_kad_post_vertical_padding":"default","_kad_post_feature":"","_kad_post_feature_position":"","_kad_post_header":false,"_kad_post_footer":false,"_kad_post_classname":"","footnotes":""},"class_list":["post-373","page","type-page","status-publish","hentry"],"taxonomy_info":[],"featured_image_src_large":false,"author_info":{"display_name":"visitaxmx","author_link":"https:\/\/visitax.us\/fr\/author\/visitaxmx\/"},"comment_info":0,"_links":{"self":[{"href":"https:\/\/visitax.us\/fr\/wp-json\/wp\/v2\/pages\/373","targetHints":{"allow":["GET"]}}],"collection":[{"href":"https:\/\/visitax.us\/fr\/wp-json\/wp\/v2\/pages"}],"about":[{"href":"https:\/\/visitax.us\/fr\/wp-json\/wp\/v2\/types\/page"}],"author":[{"embeddable":true,"href":"https:\/\/visitax.us\/fr\/wp-json\/wp\/v2\/users\/1"}],"replies":[{"embeddable":true,"href":"https:\/\/visitax.us\/fr\/wp-json\/wp\/v2\/comments?post=373"}],"version-history":[{"count":0,"href":"https:\/\/visitax.us\/fr\/wp-json\/wp\/v2\/pages\/373\/revisions"}],"wp:attachment":[{"href":"https:\/\/visitax.us\/fr\/wp-json\/wp\/v2\/media?parent=373"}],"curies":[{"name":"wp","href":"https:\/\/api.w.org\/{rel}","templated":true}]}}