{"id":375,"date":"2021-05-23T19:24:04","date_gmt":"2021-05-23T19:24:04","guid":{"rendered":"https:\/\/visitax.us\/?page_id=375"},"modified":"2021-05-24T17:37:40","modified_gmt":"2021-05-24T17:37:40","slug":"thank-you","status":"publish","type":"page","link":"https:\/\/visitax.us\/de\/thank-you\/","title":{"rendered":"Thank you"},"content":{"rendered":"\n<div class=\"wp-block-group has-background\" style=\"background-color:#f5f5f5\"><div class=\"wp-block-group__inner-container is-layout-flow wp-block-group-is-layout-flow\">\n<h2 class=\"has-text-align-center wp-block-heading\">DANKE, DASS SIE SICH F\u00dcR VISITAX.US ENTSCHIEDEN HABEN<\/h2>\n\n\n\n<p class=\"has-text-align-center\" style=\"font-size:18px\">Wir haben Ihre Zahlung erhalten.<\/p>\n\n\n\n<p class=\"has-text-align-center\" style=\"font-size:18px\">Innerhalb der n\u00e4chsten Stunde erhalten Sie die Zahlungsbest\u00e4tigung f\u00fcr die Tourismussteuer von Quintana Roo zusammen mit einem Barcode an die angegebene Email-Adresse.<\/p>\n\n\n\n<p class=\"has-text-align-center\" style=\"font-size:18px\">Sollten zus\u00e4tzliche Informationen oder Informations\u00fcberpr\u00fcfungen erforderlich sein, werden wir Sie per E-Mail kontaktieren.<\/p>\n\n\n\n<p class=\"has-text-align-center\" style=\"font-size:18px\"><strong>Sobald Sie die Zahlungsbest\u00e4tigung und den Barcode erhalten haben, drucken Sie sie bitte aus und bewahren Sie sie w\u00e4hrend Ihrer Reise in den Staat Quintana Roo auf.<\/strong><\/p>\n\n\n\n<p class=\"has-text-align-center\" style=\"font-size:18px\">Wir sch\u00e4tzen Ihr Gesch\u00e4ft und w\u00fcnschen Ihnen eine sichere Reise!<\/p>\n<\/div><\/div>\n","protected":false},"excerpt":{"rendered":"<p>DANKE, DASS SIE SICH F\u00dcR VISITAX.US ENTSCHIEDEN HABEN Wir haben Ihre Zahlung erhalten. Innerhalb der n\u00e4chsten Stunde erhalten Sie die Zahlungsbest\u00e4tigung f\u00fcr die Tourismussteuer von Quintana Roo zusammen mit einem Barcode an die angegebene Email-Adresse. Sollten zus\u00e4tzliche Informationen oder Informations\u00fcberpr\u00fcfungen erforderlich sein, werden wir Sie per E-Mail kontaktieren. Sobald Sie die Zahlungsbest\u00e4tigung und den Barcode&#8230;<\/p>\n","protected":false},"author":1,"featured_media":0,"parent":0,"menu_order":0,"comment_status":"closed","ping_status":"closed","template":"","meta":{"_kad_blocks_custom_css":"","_kad_blocks_head_custom_js":"","_kad_blocks_body_custom_js":"","_kad_blocks_footer_custom_js":"","_kad_post_transparent":"","_kad_post_title":"","_kad_post_layout":"","_kad_post_sidebar_id":"","_kad_post_content_style":"","_kad_post_vertical_padding":"","_kad_post_feature":"","_kad_post_feature_position":"","_kad_post_header":false,"_kad_post_footer":false,"_kad_post_classname":"","footnotes":""},"class_list":["post-375","page","type-page","status-publish","hentry"],"taxonomy_info":[],"featured_image_src_large":false,"author_info":{"display_name":"visitaxmx","author_link":"https:\/\/visitax.us\/de\/author\/visitaxmx\/"},"comment_info":0,"_links":{"self":[{"href":"https:\/\/visitax.us\/de\/wp-json\/wp\/v2\/pages\/375","targetHints":{"allow":["GET"]}}],"collection":[{"href":"https:\/\/visitax.us\/de\/wp-json\/wp\/v2\/pages"}],"about":[{"href":"https:\/\/visitax.us\/de\/wp-json\/wp\/v2\/types\/page"}],"author":[{"embeddable":true,"href":"https:\/\/visitax.us\/de\/wp-json\/wp\/v2\/users\/1"}],"replies":[{"embeddable":true,"href":"https:\/\/visitax.us\/de\/wp-json\/wp\/v2\/comments?post=375"}],"version-history":[{"count":0,"href":"https:\/\/visitax.us\/de\/wp-json\/wp\/v2\/pages\/375\/revisions"}],"wp:attachment":[{"href":"https:\/\/visitax.us\/de\/wp-json\/wp\/v2\/media?parent=375"}],"curies":[{"name":"wp","href":"https:\/\/api.w.org\/{rel}","templated":true}]}}